{"id":22,"date":"2025-03-18T19:10:59","date_gmt":"2025-03-18T18:10:59","guid":{"rendered":"https:\/\/sultimax.fr\/louerunsiteweb\/about\/"},"modified":"2025-07-31T18:29:35","modified_gmt":"2025-07-31T16:29:35","slug":"about","status":"publish","type":"page","link":"https:\/\/sultimax.fr\/louerunsiteweb\/about\/","title":{"rendered":"About"},"content":{"rendered":"\n<div class=\"wp-block-uagb-container uagb-block-ca38c2df alignfull uagb-is-root-container\"><div class=\"uagb-container-inner-blocks-wrap\">\n<div class=\"wp-block-uagb-advanced-heading uagb-block-a54a4629\"><h1 class=\"uagb-heading-text\">\u00c0 Propos de <strong>Louerunsiteweb<\/strong>.fr<\/h1><\/div>\n<\/div><\/div>\n\n\n\n<div class=\"wp-block-uagb-container uagb-block-f0e02c54 alignfull uagb-is-root-container\"><div class=\"uagb-container-inner-blocks-wrap\">\n<div class=\"wp-block-uagb-image alignleft uagb-block-32d428fd wp-block-uagb-image--layout-default wp-block-uagb-image--effect-static wp-block-uagb-image--align-left aligncenter\"><figure class=\"wp-block-uagb-image__figure\"><img srcset=\"https:\/\/sultimax.fr\/louerunsiteweb\/wp-content\/uploads\/2025\/03\/logo-1024x1024.png ,https:\/\/sultimax.fr\/louerunsiteweb\/wp-content\/uploads\/2025\/03\/logo.png 780w, https:\/\/sultimax.fr\/louerunsiteweb\/wp-content\/uploads\/2025\/03\/logo.png 360w\" sizes=\"auto, (max-width: 480px) 150px\"  alt=\"\" class=\"uag-image-6 lws-optimize-lazyload\" width=\"540\" height=\"450\" title=\"logo\" loading=\"lazy\" role=\"img\"\/ data-src=\"https:\/\/sultimax.fr\/louerunsiteweb\/wp-content\/uploads\/2025\/03\/logo-1024x1024.png\"><\/figure><\/div>\n\n\n\n<div class=\"wp-block-uagb-container uagb-block-a86c80a0\">\n<div class=\"wp-block-uagb-advanced-heading uagb-block-ac9f9df4\"><h2 class=\"uagb-heading-text\">D\u00e9couvrez l&rsquo;histoire de notre entreprise innovante<\/h2><p class=\"uagb-desc-text\">Louerunsiteweb.fr a vu le jour gr\u00e2ce \u00e0 la passion d&rsquo;un groupe d&rsquo;entrepreneurs souhaitant offrir des solutions digitales accessibles. En se basant sur une exp\u00e9rience solide en marketing et en design, ils ont d\u00e9velopp\u00e9 une offre sur mesure. Ainsi, ils ont pu r\u00e9pondre aux besoins vari\u00e9s des petites et moyennes entreprises.<br>&nbsp;<br>Nous avons servi une multitude de clients, des startups aux entreprises bien \u00e9tablies, en leur fournissant des sites web et des tunnels de vente adapt\u00e9s. Nos clients appr\u00e9cient notamment notre approche personnalis\u00e9e et nos solutions optimis\u00e9es qui stimulent leur croissance. Nous valorisons chaque collaboration et mettons un point d&rsquo;honneur \u00e0 comprendre leurs objectifs.<\/p><\/div>\n<\/div>\n<\/div><\/div>\n\n\n\n<div class=\"wp-block-uagb-container uagb-block-7c64287a alignfull uagb-is-root-container\"><div class=\"uagb-container-inner-blocks-wrap\">\n<div class=\"wp-block-uagb-advanced-heading uagb-block-c8026e2a\"><h2 class=\"uagb-heading-text\">Votre r\u00e9ussite est notre mission<\/h2><p class=\"uagb-desc-text\">Nous nous engageons \u00e0 vous fournir des solutions digitales qui maximisent vos r\u00e9sultats. Profitez de nos designs modernes et de notre expertise strat\u00e9gique.<\/p><\/div>\n\n\n\n<div class=\"wp-block-uagb-container uagb-block-5fb24e4f\">\n<div class=\"wp-block-uagb-container uagb-block-d9ac322b\">\n<div class=\"wp-block-uagb-info-box uagb-block-37c2b9ef uagb-infobox__content-wrap  uagb-infobox-icon-above-title uagb-infobox-image-valign-top\"><div class=\"uagb-ifb-content\"><div class=\"uagb-ifb-title-wrap\"><span class=\"uagb-ifb-title-prefix\">01.<\/span><h3 class=\"uagb-ifb-title\">Solutions Web Sur Mesure<\/h3><\/div><p class=\"uagb-ifb-desc\">Nous cr\u00e9ons des sites et tunnels adapt\u00e9s aux besoins sp\u00e9cifiques de chaque client.<\/p><\/div><\/div>\n<\/div>\n\n\n\n<div class=\"wp-block-uagb-container uagb-block-ee05de74\">\n<div class=\"wp-block-uagb-info-box uagb-block-31b97631 uagb-infobox__content-wrap  uagb-infobox-icon-above-title uagb-infobox-image-valign-top\"><div class=\"uagb-ifb-content\"><div class=\"uagb-ifb-title-wrap\"><span class=\"uagb-ifb-title-prefix\">02.<\/span><h3 class=\"uagb-ifb-title\">Designs Modernes<\/h3><\/div><p class=\"uagb-ifb-desc\">Profitez de designs contemporains qui captivent et engagent les visiteurs.<\/p><\/div><\/div>\n<\/div>\n\n\n\n<div class=\"wp-block-uagb-container uagb-block-eff50a23\">\n<div class=\"wp-block-uagb-info-box uagb-block-e8ac790d uagb-infobox__content-wrap  uagb-infobox-icon-above-title uagb-infobox-image-valign-top\"><div class=\"uagb-ifb-content\"><div class=\"uagb-ifb-title-wrap\"><span class=\"uagb-ifb-title-prefix\">03.<\/span><h3 class=\"uagb-ifb-title\">Technologie Avanc\u00e9e<\/h3><\/div><p class=\"uagb-ifb-desc\">Int\u00e9grez des outils marketing de pointe pour optimiser vos performances.<\/p><\/div><\/div>\n<\/div>\n\n\n\n<div class=\"wp-block-uagb-container uagb-block-85342c04\">\n<div class=\"wp-block-uagb-info-box uagb-block-98475604 uagb-infobox__content-wrap  uagb-infobox-icon-above-title uagb-infobox-image-valign-top\"><div class=\"uagb-ifb-content\"><div class=\"uagb-ifb-title-wrap\"><span class=\"uagb-ifb-title-prefix\">04.<\/span><h3 class=\"uagb-ifb-title\">Accompagnement Personnalis\u00e9<\/h3><\/div><p class=\"uagb-ifb-desc\">B\u00e9n\u00e9ficiez d&rsquo;un service de support d\u00e9di\u00e9 tout au long de votre exp\u00e9rience.<\/p><\/div><\/div>\n<\/div>\n\n\n\n<div class=\"wp-block-uagb-container uagb-block-0e193254\">\n<div class=\"wp-block-uagb-info-box uagb-block-bef29433 uagb-infobox__content-wrap  uagb-infobox-icon-above-title uagb-infobox-image-valign-top\"><div class=\"uagb-ifb-content\"><div class=\"uagb-ifb-title-wrap\"><span class=\"uagb-ifb-title-prefix\">05.<\/span><h3 class=\"uagb-ifb-title\">Maximisation des Conversions<\/h3><\/div><p class=\"uagb-ifb-desc\">Des solutions con\u00e7ues pour am\u00e9liorer votre taux de conversion et votre parcours client.<\/p><\/div><\/div>\n<\/div>\n\n\n\n<div class=\"wp-block-uagb-container uagb-block-525c4a1b\">\n<div class=\"wp-block-uagb-info-box uagb-block-eda5e217 uagb-infobox__content-wrap  uagb-infobox-icon-above-title uagb-infobox-image-valign-top\"><div class=\"uagb-ifb-content\"><div class=\"uagb-ifb-title-wrap\"><span class=\"uagb-ifb-title-prefix\">06.<\/span><h3 class=\"uagb-ifb-title\">Engagement de Qualit\u00e9<\/h3><\/div><p class=\"uagb-ifb-desc\">Nous garantissons des r\u00e9sultats optimaux gr\u00e2ce \u00e0 notre expertise reconnue dans le secteur.<\/p><\/div><\/div>\n<\/div>\n<\/div>\n<\/div><\/div>\n\n\n\n<div class=\"wp-block-uagb-container uagb-block-82b28008 alignfull uagb-is-root-container\"><div class=\"uagb-container-inner-blocks-wrap\">\n<div class=\"wp-block-uagb-advanced-heading uagb-block-3a717b3e\"><div class=\"uagb-heading-text\">Pr\u00eat \u00e0 commencer ?<\/div><\/div>\n\n\n\n<div class=\"wp-block-uagb-advanced-heading uagb-block-4dabc4e6\"><h2 class=\"uagb-heading-text\">Contactez-nous pour plus d&rsquo;informations<\/h2><\/div>\n\n\n\n<div class=\"wp-block-uagb-buttons uagb-buttons__outer-wrap uagb-btn__default-btn uagb-btn-tablet__default-btn uagb-btn-mobile__default-btn uagb-block-e801ecf0\"><div class=\"uagb-buttons__wrap uagb-buttons-layout-wrap \">\n<div class=\"wp-block-uagb-buttons-child uagb-buttons__outer-wrap uagb-block-830c34e1 wp-block-button\"><div class=\"uagb-button__wrapper\"><a class=\"uagb-buttons-repeater wp-block-button__link\" aria-label=\"\" href=\"\/louerunsiteweb\/contact\/\" rel=\"follow noopener\" target=\"_self\" role=\"button\"><div class=\"uagb-button__link\">Obtenez une consultation<\/div><\/a><\/div><\/div>\n<\/div><\/div>\n\n\n\n<div class=\"wp-block-uagb-advanced-heading uagb-block-9cf0204c\"><div class=\"uagb-separator\"><\/div><h3 class=\"uagb-heading-text\">Consultation gratuite ? 0762568454<\/h3><\/div>\n<\/div><\/div>\n","protected":false},"excerpt":{"rendered":"<p>\u00c0 Propos de Louerunsiteweb.fr D\u00e9couvrez l&rsquo;histoire de notre entreprise innovante Louerunsiteweb.fr a vu le jour gr\u00e2ce \u00e0 la passion d&rsquo;un groupe d&rsquo;entrepreneurs souhaitant offrir des solutions digitales accessibles. En se basant sur une exp\u00e9rience solide en marketing et en design, ils ont d\u00e9velopp\u00e9 une offre sur mesure. Ainsi, ils ont pu r\u00e9pondre aux besoins vari\u00e9s [&hellip;]<\/p>\n","protected":false},"author":1,"featured_media":0,"parent":0,"menu_order":0,"comment_status":"closed","ping_status":"closed","template":"","meta":{"_uag_custom_page_level_css":"","site-sidebar-layout":"no-sidebar","site-content-layout":"plain-container","ast-site-content-layout":"normal-width-container","site-content-style":"unboxed","site-sidebar-style":"unboxed","ast-global-header-display":"","ast-banner-title-visibility":"","ast-main-header-display":"","ast-hfb-above-header-display":"","ast-hfb-below-header-display":"","ast-hfb-mobile-header-display":"","site-post-title":"disabled","ast-breadcrumbs-content":"","ast-featured-img":"","footer-sml-layout":"","theme-transparent-header-meta":"enabled","adv-header-id-meta":"","stick-header-meta":"","header-above-stick-meta":"","header-main-stick-meta":"","header-below-stick-meta":"","astra-migrate-meta-layouts":"set","ast-page-background-enabled":"default","ast-page-background-meta":{"desktop":{"background-color":"var(--ast-global-color-4)","background-image":"","background-repeat":"repeat","background-position":"center center","background-size":"auto","background-attachment":"scroll","background-type":"","background-media":"","overlay-type":"","overlay-color":"","overlay-opacity":"","overlay-gradient":""},"tablet":{"background-color":"","background-image":"","background-repeat":"repeat","background-position":"center center","background-size":"auto","background-attachment":"scroll","background-type":"","background-media":"","overlay-type":"","overlay-color":"","overlay-opacity":"","overlay-gradient":""},"mobile":{"background-color":"","background-image":"","background-repeat":"repeat","background-position":"center center","background-size":"auto","background-attachment":"scroll","background-type":"","background-media":"","overlay-type":"","overlay-color":"","overlay-opacity":"","overlay-gradient":""}},"ast-content-background-meta":{"desktop":{"background-color":"var(--ast-global-color-5)","background-image":"","background-repeat":"repeat","background-position":"center center","background-size":"auto","background-attachment":"scroll","background-type":"","background-media":"","overlay-type":"","overlay-color":"","overlay-opacity":"","overlay-gradient":""},"tablet":{"background-color":"var(--ast-global-color-5)","background-image":"","background-repeat":"repeat","background-position":"center center","background-size":"auto","background-attachment":"scroll","background-type":"","background-media":"","overlay-type":"","overlay-color":"","overlay-opacity":"","overlay-gradient":""},"mobile":{"background-color":"var(--ast-global-color-5)","background-image":"","background-repeat":"repeat","background-position":"center center","background-size":"auto","background-attachment":"scroll","background-type":"","background-media":"","overlay-type":"","overlay-color":"","overlay-opacity":"","overlay-gradient":""}},"footnotes":""},"class_list":["post-22","page","type-page","status-publish","hentry"],"uagb_featured_image_src":{"full":false,"thumbnail":false,"medium":false,"medium_large":false,"large":false,"1536x1536":false,"2048x2048":false},"uagb_author_info":{"display_name":"admin","author_link":"https:\/\/sultimax.fr\/louerunsiteweb\/author\/admin\/"},"uagb_comment_info":0,"uagb_excerpt":"\u00c0 Propos de Louerunsiteweb.fr D\u00e9couvrez l&rsquo;histoire de notre entreprise innovante Louerunsiteweb.fr a vu le jour gr\u00e2ce \u00e0 la passion d&rsquo;un groupe d&rsquo;entrepreneurs souhaitant offrir des solutions digitales accessibles. En se basant sur une exp\u00e9rience solide en marketing et en design, ils ont d\u00e9velopp\u00e9 une offre sur mesure. Ainsi, ils ont pu r\u00e9pondre aux besoins vari\u00e9s\u2026","_links":{"self":[{"href":"https:\/\/sultimax.fr\/louerunsiteweb\/wp-json\/wp\/v2\/pages\/22","targetHints":{"allow":["GET"]}}],"collection":[{"href":"https:\/\/sultimax.fr\/louerunsiteweb\/wp-json\/wp\/v2\/pages"}],"about":[{"href":"https:\/\/sultimax.fr\/louerunsiteweb\/wp-json\/wp\/v2\/types\/page"}],"author":[{"embeddable":true,"href":"https:\/\/sultimax.fr\/louerunsiteweb\/wp-json\/wp\/v2\/users\/1"}],"replies":[{"embeddable":true,"href":"https:\/\/sultimax.fr\/louerunsiteweb\/wp-json\/wp\/v2\/comments?post=22"}],"version-history":[{"count":5,"href":"https:\/\/sultimax.fr\/louerunsiteweb\/wp-json\/wp\/v2\/pages\/22\/revisions"}],"predecessor-version":[{"id":782,"href":"https:\/\/sultimax.fr\/louerunsiteweb\/wp-json\/wp\/v2\/pages\/22\/revisions\/782"}],"wp:attachment":[{"href":"https:\/\/sultimax.fr\/louerunsiteweb\/wp-json\/wp\/v2\/media?parent=22"}],"curies":[{"name":"wp","href":"https:\/\/api.w.org\/{rel}","templated":true}]}}