{"id":20,"date":"2025-03-18T19:10:59","date_gmt":"2025-03-18T18:10:59","guid":{"rendered":"https:\/\/sultimax.fr\/louerunsiteweb\/home\/"},"modified":"2025-03-18T19:11:33","modified_gmt":"2025-03-18T18:11:33","slug":"home","status":"publish","type":"page","link":"https:\/\/sultimax.fr\/louerunsiteweb\/","title":{"rendered":"Home"},"content":{"rendered":"\n<div class=\"wp-block-uagb-container uagb-block-56078450 alignfull uagb-is-root-container\"><div class=\"uagb-container-inner-blocks-wrap\">\n<div class=\"wp-block-uagb-container uagb-block-7071ff61\">\n<div class=\"wp-block-uagb-info-box uagb-block-f886a459 uagb-infobox__content-wrap  uagb-infobox-icon-above-title uagb-infobox-image-valign-top\"><div class=\"uagb-ifb-content\"><div class=\"uagb-ifb-title-wrap\"><h1 class=\"uagb-ifb-title\">Louez votre site web facilement<\/h1><\/div><p class=\"uagb-ifb-desc\">Avec des ann\u00e9es d&rsquo;expertise, loueunsiteweb.fr vous offre des solutions web sur mesure. Faites confiance \u00e0 notre \u00e9quipe pour transformer votre vision en r\u00e9alit\u00e9 digitale.<\/p><div class=\"uagb-ifb-button-wrapper wp-block-button\"><a href=\"\/contact\/\" class=\"uagb-infobox-cta-link wp-block-button__link\" target=\"_self\" rel=\"noopener noreferrer\" onclick=\"return true;\" alt=\"\"><span class=\"uagb-inline-editing\">\u00a0Obtenez une consultation<\/span><\/a><\/div><\/div><\/div>\n<\/div>\n\n\n\n<div class=\"wp-block-uagb-container uagb-block-2563ad4c\">\n<div class=\"wp-block-uagb-image aligncenter uagb-block-039d431e wp-block-uagb-image--layout-default wp-block-uagb-image--effect-static wp-block-uagb-image--align-center\"><figure class=\"wp-block-uagb-image__figure\"><img srcset=\"https:\/\/sultimax.fr\/louerunsiteweb\/wp-content\/uploads\/2023\/08\/hero.jpg \" sizes=\"auto, (max-width: 480px) 150px\"  alt=\"\" class=\"uag-image-70 lws-optimize-lazyload\" width=\"540\" height=\"500\" title=\"\" loading=\"lazy\" role=\"img\"\/ data-src=\"https:\/\/sultimax.fr\/louerunsiteweb\/wp-content\/uploads\/2023\/08\/hero.jpg\"><\/figure><\/div>\n<\/div>\n<\/div><\/div>\n\n\n\n<div class=\"wp-block-uagb-container uagb-block-81bf52c1 alignfull uagb-is-root-container\"><div class=\"uagb-container-inner-blocks-wrap\">\n<div class=\"wp-block-uagb-image alignleft uagb-block-32d428fd wp-block-uagb-image--layout-default wp-block-uagb-image--effect-static wp-block-uagb-image--align-left aligncenter\"><figure class=\"wp-block-uagb-image__figure\"><img srcset=\"https:\/\/sultimax.fr\/louerunsiteweb\/wp-content\/uploads\/2023\/08\/about.jpg \" sizes=\"auto, (max-width: 480px) 150px\"  alt=\"\" class=\"uag-image-61 lws-optimize-lazyload\" width=\"565\" height=\"450\" title=\"\" loading=\"lazy\" role=\"img\"\/ data-src=\"https:\/\/sultimax.fr\/louerunsiteweb\/wp-content\/uploads\/2023\/08\/about.jpg\"><\/figure><\/div>\n\n\n\n<div class=\"wp-block-uagb-container uagb-block-5214f790\">\n<div class=\"wp-block-uagb-advanced-heading uagb-block-ac9f9df4\"><h2 class=\"uagb-heading-text\">D\u00e9couvrez l&rsquo;histoire de notre entreprise innovante<\/h2><p class=\"uagb-desc-text\">Louerunsiteweb.fr est n\u00e9 d&rsquo;une passion pour le digital et d&rsquo;une volont\u00e9 d&rsquo;aider les professionnels \u00e0 r\u00e9ussir en ligne. Depuis Angers, notre \u00e9quipe d\u00e9vou\u00e9e con\u00e7oit des sites web pour maximiser votre potentiel. Chaque projet est unique et personnalis\u00e9 selon vos besoins.<\/p><\/div>\n\n\n\n<div class=\"wp-block-uagb-icon-list uagb-block-6bcdd67a\"><div class=\"uagb-icon-list__wrap\">\n<div class=\"wp-block-uagb-icon-list-child uagb-block-14af1f4b\"><span class=\"uagb-icon-list__source-wrap\"><svg xmlns=\"https:\/\/www.w3.org\/2000\/svg\" viewBox=\"0 0 512 512\"><path d=\"M0 256C0 114.6 114.6 0 256 0C397.4 0 512 114.6 512 256C512 397.4 397.4 512 256 512C114.6 512 0 397.4 0 256zM371.8 211.8C382.7 200.9 382.7 183.1 371.8 172.2C360.9 161.3 343.1 161.3 332.2 172.2L224 280.4L179.8 236.2C168.9 225.3 151.1 225.3 140.2 236.2C129.3 247.1 129.3 264.9 140.2 275.8L204.2 339.8C215.1 350.7 232.9 350.7 243.8 339.8L371.8 211.8z\"><\/path><\/svg><\/span><span class=\"uagb-icon-list__label\">Sites web cl\u00e9s en main<\/span><\/div>\n\n\n\n<div class=\"wp-block-uagb-icon-list-child uagb-block-436bb18b\"><span class=\"uagb-icon-list__source-wrap\"><svg xmlns=\"https:\/\/www.w3.org\/2000\/svg\" viewBox=\"0 0 512 512\"><path d=\"M0 256C0 114.6 114.6 0 256 0C397.4 0 512 114.6 512 256C512 397.4 397.4 512 256 512C114.6 512 0 397.4 0 256zM371.8 211.8C382.7 200.9 382.7 183.1 371.8 172.2C360.9 161.3 343.1 161.3 332.2 172.2L224 280.4L179.8 236.2C168.9 225.3 151.1 225.3 140.2 236.2C129.3 247.1 129.3 264.9 140.2 275.8L204.2 339.8C215.1 350.7 232.9 350.7 243.8 339.8L371.8 211.8z\"><\/path><\/svg><\/span><span class=\"uagb-icon-list__label\">Tunnels de vente efficaces<\/span><\/div>\n\n\n\n<div class=\"wp-block-uagb-icon-list-child uagb-block-85ec9ecd\"><span class=\"uagb-icon-list__source-wrap\"><svg xmlns=\"https:\/\/www.w3.org\/2000\/svg\" viewBox=\"0 0 512 512\"><path d=\"M0 256C0 114.6 114.6 0 256 0C397.4 0 512 114.6 512 256C512 397.4 397.4 512 256 512C114.6 512 0 397.4 0 256zM371.8 211.8C382.7 200.9 382.7 183.1 371.8 172.2C360.9 161.3 343.1 161.3 332.2 172.2L224 280.4L179.8 236.2C168.9 225.3 151.1 225.3 140.2 236.2C129.3 247.1 129.3 264.9 140.2 275.8L204.2 339.8C215.1 350.7 232.9 350.7 243.8 339.8L371.8 211.8z\"><\/path><\/svg><\/span><span class=\"uagb-icon-list__label\">Support client personnalis\u00e9<\/span><\/div>\n<\/div><\/div>\n\n\n\n<div class=\"wp-block-uagb-buttons uagb-buttons__outer-wrap uagb-btn__default-btn uagb-btn-tablet__default-btn uagb-btn-mobile__default-btn uagb-block-0b530fd6\"><div class=\"uagb-buttons__wrap uagb-buttons-layout-wrap \">\n<div class=\"wp-block-uagb-buttons-child uagb-buttons__outer-wrap uagb-block-d5cb1819 wp-block-button\"><div class=\"uagb-button__wrapper\"><a class=\"uagb-buttons-repeater wp-block-button__link\" aria-label=\"\" href=\"\/about\/\" rel=\"follow noopener\" target=\"_self\" role=\"button\"><div class=\"uagb-button__link\">Lire la suite<\/div><\/a><\/div><\/div>\n<\/div><\/div>\n<\/div>\n<\/div><\/div>\n\n\n\n<div class=\"wp-block-uagb-container uagb-block-3beb7cfa alignfull uagb-is-root-container\"><div class=\"uagb-container-inner-blocks-wrap\">\n<div class=\"wp-block-uagb-advanced-heading uagb-block-c8026e2a\"><h2 class=\"uagb-heading-text\">Services Offerts par Louerunsiteweb<\/h2><p class=\"uagb-desc-text\">Explorez notre gamme vari\u00e9e de services. Con\u00e7us pour am\u00e9liorer votre succ\u00e8s en ligne.<\/p><\/div>\n\n\n\n<div class=\"wp-block-uagb-container uagb-block-a1ff9776\">\n<div class=\"wp-block-uagb-container uagb-block-31abca59\">\n<div class=\"wp-block-uagb-image aligncenter uagb-block-c12077c9 wp-block-uagb-image--layout-default wp-block-uagb-image--effect-static wp-block-uagb-image--align-center\"><figure class=\"wp-block-uagb-image__figure\"><img srcset=\"https:\/\/sultimax.fr\/louerunsiteweb\/wp-content\/uploads\/2023\/08\/services-01.jpg ,https:\/\/sultimax.fr\/louerunsiteweb\/wp-content\/uploads\/2023\/08\/services-01.jpg 780w\" sizes=\"auto, (max-width: 480px) 150px\"  alt=\"\" class=\"uag-image-71 lws-optimize-lazyload\" width=\"540\" height=\"340\" title=\"\" loading=\"lazy\" role=\"img\"\/ data-src=\"https:\/\/sultimax.fr\/louerunsiteweb\/wp-content\/uploads\/2023\/08\/services-01.jpg\"><\/figure><\/div>\n\n\n\n<div class=\"wp-block-uagb-container uagb-block-9a58f96a\">\n<div class=\"wp-block-uagb-info-box uagb-block-d130204b uagb-infobox__content-wrap  uagb-infobox-icon-above-title uagb-infobox-image-valign-top\"><div class=\"uagb-ifb-content\"><div class=\"uagb-ifb-title-wrap\"><h3 class=\"uagb-ifb-title\">Location de site<\/h3><\/div><p class=\"uagb-ifb-desc\">Nous proposons des sites web \u00e0 la location, cl\u00e9s en main, adapt\u00e9s \u00e0 votre secteur d&rsquo;activit\u00e9. Faciles \u00e0 g\u00e9rer, ils boostent votre visibilit\u00e9 en ligne.<\/p><div class=\"uagb-ifb-button-wrapper wp-block-button\"><a href=\"\/services\/\" class=\"uagb-infobox-cta-link wp-block-button__link\" target=\"_self\" rel=\"noopener noreferrer\" onclick=\"return true;\" alt=\"\"><span class=\"uagb-inline-editing\">Lire la suite<\/span><\/a><\/div><\/div><\/div>\n<\/div>\n<\/div>\n\n\n\n<div class=\"wp-block-uagb-container uagb-block-08a09fc7\">\n<div class=\"wp-block-uagb-image aligncenter uagb-block-6b3eb127 wp-block-uagb-image--layout-default wp-block-uagb-image--effect-static wp-block-uagb-image--align-center\"><figure class=\"wp-block-uagb-image__figure\"><img srcset=\"https:\/\/sultimax.fr\/louerunsiteweb\/wp-content\/uploads\/2023\/08\/services-02.jpg ,https:\/\/sultimax.fr\/louerunsiteweb\/wp-content\/uploads\/2023\/08\/services-02.jpg 780w\" sizes=\"auto, (max-width: 480px) 150px\"  alt=\"\" class=\"uag-image-72 lws-optimize-lazyload\" width=\"540\" height=\"340\" title=\"\" loading=\"lazy\" role=\"img\"\/ data-src=\"https:\/\/sultimax.fr\/louerunsiteweb\/wp-content\/uploads\/2023\/08\/services-02.jpg\"><\/figure><\/div>\n\n\n\n<div class=\"wp-block-uagb-container uagb-block-763c2cf7\">\n<div class=\"wp-block-uagb-info-box uagb-block-3f17982b uagb-infobox__content-wrap  uagb-infobox-icon-above-title uagb-infobox-image-valign-top\"><div class=\"uagb-ifb-content\"><div class=\"uagb-ifb-title-wrap\"><h3 class=\"uagb-ifb-title\">Tunnels de vente<\/h3><\/div><p class=\"uagb-ifb-desc\">Cr\u00e9ez des tunnels de vente efficaces qui maximisent vos conversions. Nos designs optimis\u00e9s garantissent un parcours client fluide et engageant.<\/p><div class=\"uagb-ifb-button-wrapper wp-block-button\"><a href=\"\/services\/\" class=\"uagb-infobox-cta-link wp-block-button__link\" target=\"_self\" rel=\"noopener noreferrer\" onclick=\"return true;\" alt=\"\"><span class=\"uagb-inline-editing\">Lire la suite<\/span><\/a><\/div><\/div><\/div>\n<\/div>\n<\/div>\n\n\n\n<div class=\"wp-block-uagb-container uagb-block-b69b86d4\">\n<div class=\"wp-block-uagb-image aligncenter uagb-block-21c77ac7 wp-block-uagb-image--layout-default wp-block-uagb-image--effect-static wp-block-uagb-image--align-center\"><figure class=\"wp-block-uagb-image__figure\"><img srcset=\"https:\/\/sultimax.fr\/louerunsiteweb\/wp-content\/uploads\/2023\/08\/services-03.jpg ,https:\/\/sultimax.fr\/louerunsiteweb\/wp-content\/uploads\/2023\/08\/services-03.jpg 780w\" sizes=\"auto, (max-width: 480px) 150px\"  alt=\"\" class=\"uag-image-73 lws-optimize-lazyload\" width=\"540\" height=\"340\" title=\"\" loading=\"lazy\" role=\"img\"\/ data-src=\"https:\/\/sultimax.fr\/louerunsiteweb\/wp-content\/uploads\/2023\/08\/services-03.jpg\"><\/figure><\/div>\n\n\n\n<div class=\"wp-block-uagb-container uagb-block-dd371a2f\">\n<div class=\"wp-block-uagb-info-box uagb-block-9df4da02 uagb-infobox__content-wrap  uagb-infobox-icon-above-title uagb-infobox-image-valign-top\"><div class=\"uagb-ifb-content\"><div class=\"uagb-ifb-title-wrap\"><h3 class=\"uagb-ifb-title\">Conception sur mesure<\/h3><\/div><p class=\"uagb-ifb-desc\">Nos \u00e9quipes con\u00e7oivent des sites web uniques, r\u00e9pondant sp\u00e9cifiquement \u00e0 vos besoins. Chaque projet refl\u00e8te votre image de marque et attire votre audience.<\/p><div class=\"uagb-ifb-button-wrapper wp-block-button\"><a href=\"\/services\/\" class=\"uagb-infobox-cta-link wp-block-button__link\" target=\"_self\" rel=\"noopener noreferrer\" onclick=\"return true;\" alt=\"\"><span class=\"uagb-inline-editing\">Lire la suite<\/span><\/a><\/div><\/div><\/div>\n<\/div>\n<\/div>\n\n\n\n<div class=\"wp-block-uagb-container uagb-block-eca5966d\">\n<div class=\"wp-block-uagb-image aligncenter uagb-block-17fe79ff wp-block-uagb-image--layout-default wp-block-uagb-image--effect-static wp-block-uagb-image--align-center\"><figure class=\"wp-block-uagb-image__figure\"><img srcset=\"https:\/\/sultimax.fr\/louerunsiteweb\/wp-content\/uploads\/2023\/08\/services-04.jpg ,https:\/\/sultimax.fr\/louerunsiteweb\/wp-content\/uploads\/2023\/08\/services-04.jpg 780w\" sizes=\"auto, (max-width: 480px) 150px\"  alt=\"\" class=\"uag-image-74 lws-optimize-lazyload\" width=\"540\" height=\"340\" title=\"\" loading=\"lazy\" role=\"img\"\/ data-src=\"https:\/\/sultimax.fr\/louerunsiteweb\/wp-content\/uploads\/2023\/08\/services-04.jpg\"><\/figure><\/div>\n\n\n\n<div class=\"wp-block-uagb-container uagb-block-55ea3a1c\">\n<div class=\"wp-block-uagb-info-box uagb-block-b2b64b40 uagb-infobox__content-wrap  uagb-infobox-icon-above-title uagb-infobox-image-valign-top\"><div class=\"uagb-ifb-content\"><div class=\"uagb-ifb-title-wrap\"><h3 class=\"uagb-ifb-title\">Support personnalis\u00e9<\/h3><\/div><p class=\"uagb-ifb-desc\">B\u00e9n\u00e9ficiez d&rsquo;un service d&rsquo;assistance d\u00e9di\u00e9, pr\u00eat \u00e0 r\u00e9pondre \u00e0 toutes vos questions. Nous sommes l\u00e0 pour vous accompagner \u00e0 chaque \u00e9tape de votre projet.<\/p><div class=\"uagb-ifb-button-wrapper wp-block-button\"><a href=\"\/services\/\" class=\"uagb-infobox-cta-link wp-block-button__link\" target=\"_self\" rel=\"noopener noreferrer\" onclick=\"return true;\" alt=\"\"><span class=\"uagb-inline-editing\">Lire la suite<\/span><\/a><\/div><\/div><\/div>\n<\/div>\n<\/div>\n<\/div>\n<\/div><\/div>\n\n\n\n<div class=\"wp-block-uagb-container uagb-block-74edd479 alignfull uagb-is-root-container\"><div class=\"uagb-container-inner-blocks-wrap\">\n<div class=\"wp-block-uagb-container uagb-block-566a15d5\">\n<div class=\"wp-block-uagb-advanced-heading uagb-block-cd25ce57\"><h2 class=\"uagb-heading-text\">Transformez votre pr\u00e9sence digitale d\u00e8s aujourd&rsquo;hui<\/h2><\/div>\n\n\n\n<div class=\"wp-block-uagb-buttons uagb-buttons__outer-wrap uagb-btn__default-btn uagb-btn-tablet__default-btn uagb-btn-mobile__default-btn uagb-block-e12867d9\"><div class=\"uagb-buttons__wrap uagb-buttons-layout-wrap \">\n<div class=\"wp-block-uagb-buttons-child uagb-buttons__outer-wrap uagb-block-04169127 wp-block-button\"><div class=\"uagb-button__wrapper\"><a class=\"uagb-buttons-repeater wp-block-button__link\" aria-label=\"\" href=\"\/contact\/\" rel=\"follow noopener\" target=\"_self\" role=\"button\"><div class=\"uagb-button__link\">Obtenez une consultation<\/div><\/a><\/div><\/div>\n<\/div><\/div>\n\n\n\n<div class=\"wp-block-uagb-advanced-heading uagb-block-b2c7239c\"><div class=\"uagb-separator\"><\/div><h3 class=\"uagb-heading-text\">Consultation gratuite? 0675869734<\/h3><\/div>\n<\/div>\n\n\n\n<div class=\"wp-block-uagb-image aligncenter uagb-block-283fc2b8 wp-block-uagb-image--layout-default wp-block-uagb-image--effect-static wp-block-uagb-image--align-center\"><figure class=\"wp-block-uagb-image__figure\"><img srcset=\"https:\/\/sultimax.fr\/louerunsiteweb\/wp-content\/uploads\/2023\/08\/call-to-action.jpg \" sizes=\"auto, (max-width: 480px) 150px\"  alt=\"\" class=\"uag-image-68 lws-optimize-lazyload\" width=\"542\" height=\"340\" title=\"\" loading=\"lazy\" role=\"img\"\/ data-src=\"https:\/\/sultimax.fr\/louerunsiteweb\/wp-content\/uploads\/2023\/08\/call-to-action.jpg\"><\/figure><\/div>\n<\/div><\/div>\n\n\n\n<div class=\"wp-block-uagb-container uagb-block-0e1415fa alignfull uagb-is-root-container\"><div class=\"uagb-container-inner-blocks-wrap\">\n<div class=\"wp-block-uagb-info-box uagb-block-60dc60dc uagb-infobox__content-wrap  uagb-infobox-icon-above-title uagb-infobox-image-valign-top\"><div class=\"uagb-ifb-content\"><div class=\"uagb-ifb-title-wrap\"><h2 class=\"uagb-ifb-title\">T\u00e9moignages de nos clients<\/h2><\/div><p class=\"uagb-ifb-desc\">D\u00e9couvrez ce que nos clients pensent de nous. Leur satisfaction est notre priorit\u00e9.<\/p><\/div><\/div>\n\n\n\n<div class=\"wp-block-uagb-container uagb-block-59d1ff3e\">\n<div class=\"wp-block-uagb-container uagb-block-ce5571d9\">\n<div class=\"wp-block-uagb-star-rating uagb-block-a56ec711\"><div class=\"uag-star-rating\" title=\"5\/5\"><span class=\"uag-star\">\u2605<\/span><span class=\"uag-star\">\u2605<\/span><span class=\"uag-star\">\u2605<\/span><span class=\"uag-star\">\u2605<\/span><span class=\"uag-star\">\u2605<\/span><\/div><\/div>\n\n\n\n<div class=\"wp-block-uagb-advanced-heading uagb-block-334b23d6\"><p class=\"uagb-heading-text\">Louerunsiteweb a transform\u00e9 notre activit\u00e9 en ligne. Leur service de location de sites web est rapide, efficace et tr\u00e8s professionnel. Nous avons vu nos conversions augmenter significativement !<\/p><\/div>\n\n\n\n<div class=\"wp-block-uagb-info-box uagb-block-23e2cb90 uagb-infobox__content-wrap  uagb-infobox-icon-left uagb-infobox-left uagb-infobox-image-valign-middle\"><div class=\"uagb-ifb-image-content\"><img  alt=\"\" width=\"45\" height=\"45\" loading=\"lazy\"\/ class=\"lws-optimize-lazyload\" data-src=\"https:\/\/sultimax.fr\/louerunsiteweb\/wp-content\/uploads\/2023\/08\/testimonial-skip-01.jpg\"><\/div><div class=\"uagb-ifb-content\"><div class=\"uagb-ifb-title-wrap\"><p class=\"uagb-ifb-title\">Jean Dupont<\/p><\/div><\/div><\/div>\n<\/div>\n\n\n\n<div class=\"wp-block-uagb-container uagb-block-5264496e\">\n<div class=\"wp-block-uagb-star-rating uagb-block-090c5c8e\"><div class=\"uag-star-rating\" title=\"5\/5\"><span class=\"uag-star\">\u2605<\/span><span class=\"uag-star\">\u2605<\/span><span class=\"uag-star\">\u2605<\/span><span class=\"uag-star\">\u2605<\/span><span class=\"uag-star\">\u2605<\/span><\/div><\/div>\n\n\n\n<div class=\"wp-block-uagb-advanced-heading uagb-block-7988bcc9\"><p class=\"uagb-heading-text\">L&rsquo;\u00e9quipe de Louerunsiteweb a \u00e9t\u00e9 incroyablement r\u00e9active et attentive \u00e0 nos besoins. Gr\u00e2ce \u00e0 leur expertise, notre site est maintenant beaucoup plus performant et attractif.<\/p><\/div>\n\n\n\n<div class=\"wp-block-uagb-info-box uagb-block-a9c5e8bb uagb-infobox__content-wrap  uagb-infobox-icon-left uagb-infobox-left uagb-infobox-image-valign-middle\"><div class=\"uagb-ifb-image-content\"><img  alt=\"\" width=\"45\" height=\"45\" loading=\"lazy\"\/ class=\"lws-optimize-lazyload\" data-src=\"https:\/\/sultimax.fr\/louerunsiteweb\/wp-content\/uploads\/2023\/08\/testimonial-skip-02.jpg\"><\/div><div class=\"uagb-ifb-content\"><div class=\"uagb-ifb-title-wrap\"><p class=\"uagb-ifb-title\">Pierre Martin<\/p><\/div><\/div><\/div>\n<\/div>\n<\/div>\n<\/div><\/div>\n\n\n\n<div class=\"wp-block-uagb-container uagb-block-7c64287a alignfull uagb-is-root-container\"><div class=\"uagb-container-inner-blocks-wrap\">\n<div class=\"wp-block-uagb-advanced-heading uagb-block-c8980d3d\"><h2 class=\"uagb-heading-text\">Votre r\u00e9ussite est notre mission<\/h2><p class=\"uagb-desc-text\">Nous nous engageons \u00e0 vous fournir des solutions digitales qui maximisent vos r\u00e9sultats. Profitez de nos designs modernes et de notre expertise strat\u00e9gique.<\/p><\/div>\n\n\n\n<div class=\"wp-block-uagb-container uagb-block-5fb24e4f\">\n<div class=\"wp-block-uagb-info-box uagb-block-37c2b9ef uagb-infobox__content-wrap  uagb-infobox-icon-above-title uagb-infobox-image-valign-top\"><div class=\"uagb-ifb-content\"><div class=\"uagb-ifb-title-wrap\"><span class=\"uagb-ifb-title-prefix\">01.<\/span><h3 class=\"uagb-ifb-title\">Solutions Web Sur Mesure<\/h3><\/div><p class=\"uagb-ifb-desc\">Nous cr\u00e9ons des sites et tunnels adapt\u00e9s aux besoins sp\u00e9cifiques de chaque client.<\/p><\/div><\/div>\n\n\n\n<div class=\"wp-block-uagb-info-box uagb-block-31b97631 uagb-infobox__content-wrap  uagb-infobox-icon-above-title uagb-infobox-image-valign-top\"><div class=\"uagb-ifb-content\"><div class=\"uagb-ifb-title-wrap\"><span class=\"uagb-ifb-title-prefix\">02.<\/span><h3 class=\"uagb-ifb-title\">Designs Modernes<\/h3><\/div><p class=\"uagb-ifb-desc\">Profitez de designs contemporains qui captivent et engagent les visiteurs.<\/p><\/div><\/div>\n\n\n\n<div class=\"wp-block-uagb-info-box uagb-block-e8ac790d uagb-infobox__content-wrap  uagb-infobox-icon-above-title uagb-infobox-image-valign-top\"><div class=\"uagb-ifb-content\"><div class=\"uagb-ifb-title-wrap\"><span class=\"uagb-ifb-title-prefix\">03.<\/span><h3 class=\"uagb-ifb-title\">Technologie Avanc\u00e9e<\/h3><\/div><p class=\"uagb-ifb-desc\">Int\u00e9grez des outils marketing de pointe pour optimiser vos performances.<\/p><\/div><\/div>\n<\/div>\n<\/div><\/div>\n\n\n\n<div class=\"wp-block-uagb-container uagb-block-82b28008 alignfull uagb-is-root-container\"><div class=\"uagb-container-inner-blocks-wrap\">\n<div class=\"wp-block-uagb-advanced-heading uagb-block-3a717b3e\"><div class=\"uagb-heading-text\">Pr\u00eat \u00e0 commencer ?<\/div><\/div>\n\n\n\n<div class=\"wp-block-uagb-advanced-heading uagb-block-4dabc4e6\"><h2 class=\"uagb-heading-text\">Contactez-nous pour plus d&rsquo;informations<\/h2><\/div>\n\n\n\n<div class=\"wp-block-uagb-buttons uagb-buttons__outer-wrap uagb-btn__default-btn uagb-btn-tablet__default-btn uagb-btn-mobile__default-btn uagb-block-e801ecf0\"><div class=\"uagb-buttons__wrap uagb-buttons-layout-wrap \">\n<div class=\"wp-block-uagb-buttons-child uagb-buttons__outer-wrap uagb-block-830c34e1 wp-block-button\"><div class=\"uagb-button__wrapper\"><a class=\"uagb-buttons-repeater wp-block-button__link\" aria-label=\"\" href=\"\/louerunsiteweb\/contact\/\" rel=\"follow noopener\" target=\"_self\" role=\"button\"><div class=\"uagb-button__link\">Obtenez une consultation<\/div><\/a><\/div><\/div>\n<\/div><\/div>\n\n\n\n<div class=\"wp-block-uagb-advanced-heading uagb-block-9cf0204c\"><div class=\"uagb-separator\"><\/div><h3 class=\"uagb-heading-text\">Consultation gratuite ? 0762568454<\/h3><\/div>\n<\/div><\/div>\n","protected":false},"excerpt":{"rendered":"<p>D\u00e9couvrez l&rsquo;histoire de notre entreprise innovante Louerunsiteweb.fr est n\u00e9 d&rsquo;une passion pour le digital et d&rsquo;une volont\u00e9 d&rsquo;aider les professionnels \u00e0 r\u00e9ussir en ligne. Depuis Angers, notre \u00e9quipe d\u00e9vou\u00e9e con\u00e7oit des sites web pour maximiser votre potentiel. Chaque projet est unique et personnalis\u00e9 selon vos besoins. Services Offerts par Louerunsiteweb Explorez notre gamme vari\u00e9e de [&hellip;]<\/p>\n","protected":false},"author":1,"featured_media":0,"parent":0,"menu_order":0,"comment_status":"closed","ping_status":"closed","template":"","meta":{"_uag_custom_page_level_css":"","site-sidebar-layout":"default","site-content-layout":"","ast-site-content-layout":"default","site-content-style":"default","site-sidebar-style":"default","ast-global-header-display":"","ast-banner-title-visibility":"","ast-main-header-display":"","ast-hfb-above-header-display":"","ast-hfb-below-header-display":"","ast-hfb-mobile-header-display":"","site-post-title":"disabled","ast-breadcrumbs-content":"","ast-featured-img":"","footer-sml-layout":"","theme-transparent-header-meta":"enabled","adv-header-id-meta":"","stick-header-meta":"","header-above-stick-meta":"","header-main-stick-meta":"","header-below-stick-meta":"","astra-migrate-meta-layouts":"set","ast-page-background-enabled":"default","ast-page-background-meta":{"desktop":{"background-color":"var(--ast-global-color-4)","background-image":"","background-repeat":"repeat","background-position":"center center","background-size":"auto","background-attachment":"scroll","background-type":"","background-media":"","overlay-type":"","overlay-color":"","overlay-opacity":"","overlay-gradient":""},"tablet":{"background-color":"","background-image":"","background-repeat":"repeat","background-position":"center center","background-size":"auto","background-attachment":"scroll","background-type":"","background-media":"","overlay-type":"","overlay-color":"","overlay-opacity":"","overlay-gradient":""},"mobile":{"background-color":"","background-image":"","background-repeat":"repeat","background-position":"center center","background-size":"auto","background-attachment":"scroll","background-type":"","background-media":"","overlay-type":"","overlay-color":"","overlay-opacity":"","overlay-gradient":""}},"ast-content-background-meta":{"desktop":{"background-color":"var(--ast-global-color-5)","background-image":"","background-repeat":"repeat","background-position":"center center","background-size":"auto","background-attachment":"scroll","background-type":"","background-media":"","overlay-type":"","overlay-color":"","overlay-opacity":"","overlay-gradient":""},"tablet":{"background-color":"var(--ast-global-color-5)","background-image":"","background-repeat":"repeat","background-position":"center center","background-size":"auto","background-attachment":"scroll","background-type":"","background-media":"","overlay-type":"","overlay-color":"","overlay-opacity":"","overlay-gradient":""},"mobile":{"background-color":"var(--ast-global-color-5)","background-image":"","background-repeat":"repeat","background-position":"center center","background-size":"auto","background-attachment":"scroll","background-type":"","background-media":"","overlay-type":"","overlay-color":"","overlay-opacity":"","overlay-gradient":""}},"footnotes":""},"class_list":["post-20","page","type-page","status-publish","hentry"],"uagb_featured_image_src":{"full":false,"thumbnail":false,"medium":false,"medium_large":false,"large":false,"1536x1536":false,"2048x2048":false},"uagb_author_info":{"display_name":"admin","author_link":"https:\/\/sultimax.fr\/louerunsiteweb\/author\/admin\/"},"uagb_comment_info":0,"uagb_excerpt":"D\u00e9couvrez l&rsquo;histoire de notre entreprise innovante Louerunsiteweb.fr est n\u00e9 d&rsquo;une passion pour le digital et d&rsquo;une volont\u00e9 d&rsquo;aider les professionnels \u00e0 r\u00e9ussir en ligne. Depuis Angers, notre \u00e9quipe d\u00e9vou\u00e9e con\u00e7oit des sites web pour maximiser votre potentiel. Chaque projet est unique et personnalis\u00e9 selon vos besoins. Services Offerts par Louerunsiteweb Explorez notre gamme vari\u00e9e de\u2026","_links":{"self":[{"href":"https:\/\/sultimax.fr\/louerunsiteweb\/wp-json\/wp\/v2\/pages\/20","targetHints":{"allow":["GET"]}}],"collection":[{"href":"https:\/\/sultimax.fr\/louerunsiteweb\/wp-json\/wp\/v2\/pages"}],"about":[{"href":"https:\/\/sultimax.fr\/louerunsiteweb\/wp-json\/wp\/v2\/types\/page"}],"author":[{"embeddable":true,"href":"https:\/\/sultimax.fr\/louerunsiteweb\/wp-json\/wp\/v2\/users\/1"}],"replies":[{"embeddable":true,"href":"https:\/\/sultimax.fr\/louerunsiteweb\/wp-json\/wp\/v2\/comments?post=20"}],"version-history":[{"count":2,"href":"https:\/\/sultimax.fr\/louerunsiteweb\/wp-json\/wp\/v2\/pages\/20\/revisions"}],"predecessor-version":[{"id":767,"href":"https:\/\/sultimax.fr\/louerunsiteweb\/wp-json\/wp\/v2\/pages\/20\/revisions\/767"}],"wp:attachment":[{"href":"https:\/\/sultimax.fr\/louerunsiteweb\/wp-json\/wp\/v2\/media?parent=20"}],"curies":[{"name":"wp","href":"https:\/\/api.w.org\/{rel}","templated":true}]}}